{"id":2800,"date":"2025-11-24T12:02:19","date_gmt":"2025-11-24T11:02:19","guid":{"rendered":"https:\/\/cyclo.wp.steppers.be\/?page_id=2800"},"modified":"2025-11-27T14:36:51","modified_gmt":"2025-11-27T13:36:51","slug":"alle-beschikbare-fietsen","status":"publish","type":"page","link":"https:\/\/cyclo.wp.steppers.be\/nl\/alle-beschikbare-fietsen\/","title":{"rendered":"Tous les v\u00e9los en vente"},"content":{"rendered":"\t\t<div data-elementor-type=\"wp-page\" data-elementor-id=\"2800\" class=\"elementor elementor-2800\" data-elementor-post-type=\"page\">\n\t\t\t\t<div class=\"elementor-element elementor-element-7e3de99 e-con-full e-flex e-con e-child\" data-id=\"7e3de99\" data-element_type=\"container\" data-e-type=\"container\">\n\t\t<div class=\"elementor-element elementor-element-fd97f3f e-con-full e-flex e-con e-child\" data-id=\"fd97f3f\" data-element_type=\"container\" data-e-type=\"container\">\n\t\t\t\t<div class=\"elementor-element elementor-element-02295f0 elementor-widget elementor-widget-heading\" data-id=\"02295f0\" data-element_type=\"widget\" data-e-type=\"widget\" data-widget_type=\"heading.default\">\n\t\t\t\t\t<h2 class=\"elementor-heading-title elementor-size-default\">VENTE DE V\u00e9los<\/h2>\t\t\t\t<\/div>\n\t\t\t\t<div class=\"elementor-element elementor-element-3878598 elementor-widget__width-initial elementor-widget elementor-widget-text-editor\" data-id=\"3878598\" data-element_type=\"widget\" data-e-type=\"widget\" data-widget_type=\"text-editor.default\">\n\t\t\t\t\t\t\t\t\t<p><strong>Vous cherchez un v\u00e9lo unique, abordable et engag\u00e9 ?<\/strong><br \/><strong>Ne manquez pas notre prochaine vente de v\u00e9los reconditionn\u00e9s !<\/strong> <br \/>Offrez une seconde vie \u00e0 un v\u00e9lo inutilis\u00e9 et soutenez un projet local et solidaire.<br \/><br \/>Rebuilt in Brussels &#8211; Reloved by you.<\/p>\t\t\t\t\t\t\t\t<\/div>\n\t\t\t\t<\/div>\n\t\t<div class=\"elementor-element elementor-element-25c2343 e-con-full e-flex e-con e-child\" data-id=\"25c2343\" data-element_type=\"container\" data-e-type=\"container\" data-settings=\"{&quot;background_background&quot;:&quot;classic&quot;}\">\n\t\t\t\t<div class=\"elementor-element elementor-element-eb1119e elementor-widget elementor-widget-heading\" data-id=\"eb1119e\" data-element_type=\"widget\" data-e-type=\"widget\" data-widget_type=\"heading.default\">\n\t\t\t\t\t<h3 class=\"elementor-heading-title elementor-size-default\">Prochaine vente v\u00e9lo<\/h3>\t\t\t\t<\/div>\n\t\t\t\t<div class=\"elementor-element elementor-element-bcfa5ce elementor-widget elementor-widget-heading\" data-id=\"bcfa5ce\" data-element_type=\"widget\" data-e-type=\"widget\" data-widget_type=\"heading.default\">\n\t\t\t\t\t<p class=\"elementor-heading-title elementor-size-default\">Vendredi 6 f\u00e9vrier, de 11:30 \u00e0 18:00<\/p>\t\t\t\t<\/div>\n\t\t\t\t<div class=\"elementor-element elementor-element-f7b3bd4 elementor-position-inline-start elementor-widget__width-initial elementor-view-default elementor-mobile-position-block-start elementor-widget elementor-widget-icon-box\" data-id=\"f7b3bd4\" data-element_type=\"widget\" data-e-type=\"widget\" data-widget_type=\"icon-box.default\">\n\t\t\t\t\t\t\t<div class=\"elementor-icon-box-wrapper\">\n\n\t\t\t\t\t\t<div class=\"elementor-icon-box-icon\">\n\t\t\t\t<span  class=\"elementor-icon\">\n\t\t\t\t<svg xmlns=\"http:\/\/www.w3.org\/2000\/svg\" width=\"21\" height=\"26\" viewBox=\"0 0 21 26\" fill=\"none\"><path d=\"M19.667 11C19.667 18 10.667 24 10.667 24C10.667 24 1.66699 18 1.66699 11C1.66699 8.61305 2.6152 6.32387 4.30303 4.63604C5.99086 2.94821 8.28004 2 10.667 2C13.0539 2 15.3431 2.94821 17.031 4.63604C18.7188 6.32387 19.667 8.61305 19.667 11Z\" stroke=\"black\" stroke-width=\"2.5\" stroke-linecap=\"round\" stroke-linejoin=\"round\"><\/path><path d=\"M10.667 14C12.3238 14 13.667 12.6569 13.667 11C13.667 9.34315 12.3238 8 10.667 8C9.01014 8 7.66699 9.34315 7.66699 11C7.66699 12.6569 9.01014 14 10.667 14Z\" stroke=\"black\" stroke-width=\"2.5\" stroke-linecap=\"round\" stroke-linejoin=\"round\"><\/path><\/svg>\t\t\t\t<\/span>\n\t\t\t<\/div>\n\t\t\t\n\t\t\t\t\t\t<div class=\"elementor-icon-box-content\">\n\n\t\t\t\t\t\t\t\t\t<p class=\"elementor-icon-box-title\">\n\t\t\t\t\t\t<span  >\n\t\t\t\t\t\t\t\u00c0 l'Atelier Ouvert, rue du Miroir 22, 1000 Bruxelles - au sein de notre atelier de production\t\t\t\t\t\t<\/span>\n\t\t\t\t\t<\/p>\n\t\t\t\t\n\t\t\t\t\n\t\t\t<\/div>\n\t\t\t\n\t\t<\/div>\n\t\t\t\t\t\t<\/div>\n\t\t\t\t<\/div>\n\t\t\t\t<\/div>\n\t\t<div class=\"elementor-element elementor-element-f128769 e-con-full e-flex e-con e-parent\" data-id=\"f128769\" data-element_type=\"container\" data-e-type=\"container\">\n\t\t<div class=\"elementor-element elementor-element-561ae2c e-con-full e-flex e-con e-child\" data-id=\"561ae2c\" data-element_type=\"container\" data-e-type=\"container\">\n\t\t<div class=\"elementor-element elementor-element-d454d1b e-con-full e-flex e-con e-child\" data-id=\"d454d1b\" data-element_type=\"container\" data-e-type=\"container\">\n\t\t\t\t<div class=\"elementor-element elementor-element-41329e2 elementor-widget elementor-widget-heading\" data-id=\"41329e2\" data-element_type=\"widget\" data-e-type=\"widget\" data-widget_type=\"heading.default\">\n\t\t\t\t\t<h3 class=\"elementor-heading-title elementor-size-default\">Usage<\/h3>\t\t\t\t<\/div>\n\t\t\t\t<div class=\"elementor-element elementor-element-4a4499d elementor-widget elementor-widget-taxonomy-filter\" data-id=\"4a4499d\" data-element_type=\"widget\" data-e-type=\"widget\" data-settings=\"{&quot;selected_element&quot;:&quot;b1b2c8f&quot;,&quot;taxonomy&quot;:&quot;usage-du-velo&quot;,&quot;multiple_selection&quot;:&quot;no&quot;}\" data-widget_type=\"taxonomy-filter.default\">\n\t\t\t\t\t\t\t<search class=\"e-filter\" role=\"search\" data-base-url=\"https:\/\/cyclo.wp.steppers.be\/nl\/\" data-page-num=\"1\">\n\t\t\t\t\t\t\t<button class=\"e-filter-item\" data-filter=\"course\" aria-pressed=\"false\">Course<\/button>\n\t\t\t\t\t\t\t<button class=\"e-filter-item\" data-filter=\"tout-terrain\" aria-pressed=\"false\">Tout terrain<\/button>\n\t\t\t\t\t\t\t<button class=\"e-filter-item\" data-filter=\"ville\" aria-pressed=\"false\">Ville<\/button>\n\t\t\t\n\t\t\t\t\t\t\t\t\t<button class=\"e-filter-item\" data-filter=\"__all\" aria-pressed=\"true\">\n\t\t\t\tTout\t\t\t<\/button>\n\t\t\t\t\t<\/search>\n\t\t\t\t\t\t<\/div>\n\t\t\t\t<\/div>\n\t\t<div class=\"elementor-element elementor-element-d56326f e-con-full e-flex e-con e-child\" data-id=\"d56326f\" data-element_type=\"container\" data-e-type=\"container\">\n\t\t\t\t<div class=\"elementor-element elementor-element-1171477 elementor-widget elementor-widget-heading\" data-id=\"1171477\" data-element_type=\"widget\" data-e-type=\"widget\" data-widget_type=\"heading.default\">\n\t\t\t\t\t<h3 class=\"elementor-heading-title elementor-size-default\">Taille<\/h3>\t\t\t\t<\/div>\n\t\t\t\t<div class=\"elementor-element elementor-element-5bfa853 elementor-widget elementor-widget-taxonomy-filter\" data-id=\"5bfa853\" data-element_type=\"widget\" data-e-type=\"widget\" data-settings=\"{&quot;selected_element&quot;:&quot;b1b2c8f&quot;,&quot;taxonomy&quot;:&quot;taille-du-velo&quot;,&quot;multiple_selection&quot;:&quot;no&quot;}\" data-widget_type=\"taxonomy-filter.default\">\n\t\t\t\t\t\t\t<search class=\"e-filter\" role=\"search\" data-base-url=\"https:\/\/cyclo.wp.steppers.be\/nl\/\" data-page-num=\"1\">\n\t\t\t\t\t\t\t<button class=\"e-filter-item\" data-filter=\"1m90\" aria-pressed=\"false\">&gt;1m90<\/button>\n\t\t\t\t\t\t\t<button class=\"e-filter-item\" data-filter=\"1m601m70\" aria-pressed=\"false\">1m60&gt;1m70<\/button>\n\t\t\t\t\t\t\t<button class=\"e-filter-item\" data-filter=\"1m701m80\" aria-pressed=\"false\">1m70&gt;1m80<\/button>\n\t\t\t\t\t\t\t<button class=\"e-filter-item\" data-filter=\"1m801m90\" aria-pressed=\"false\">1m80&gt;1m90<\/button>\n\t\t\t\t\t\t\t<button class=\"e-filter-item\" data-filter=\"enfant\" aria-pressed=\"false\">Enfant<\/button>\n\t\t\t\n\t\t\t\t\t\t\t\t\t<button class=\"e-filter-item\" data-filter=\"__all\" aria-pressed=\"true\">\n\t\t\t\tTout\t\t\t<\/button>\n\t\t\t\t\t<\/search>\n\t\t\t\t\t\t<\/div>\n\t\t\t\t<\/div>\n\t\t\t\t<\/div>\n\t\t\t\t<div class=\"elementor-element elementor-element-b1b2c8f elementor-widget__width-initial elementor-grid-3 elementor-grid-tablet-2 elementor-grid-mobile-1 elementor-widget elementor-widget-loop-grid\" data-id=\"b1b2c8f\" data-element_type=\"widget\" data-e-type=\"widget\" data-settings=\"{&quot;template_id&quot;:&quot;2627&quot;,&quot;pagination_type&quot;:&quot;load_more_infinite_scroll&quot;,&quot;_skin&quot;:&quot;post&quot;,&quot;columns&quot;:&quot;3&quot;,&quot;columns_tablet&quot;:&quot;2&quot;,&quot;columns_mobile&quot;:&quot;1&quot;,&quot;edit_handle_selector&quot;:&quot;[data-elementor-type=\\&quot;loop-item\\&quot;]&quot;,&quot;load_more_spinner&quot;:{&quot;value&quot;:&quot;fas fa-spinner&quot;,&quot;library&quot;:&quot;fa-solid&quot;},&quot;row_gap&quot;:{&quot;unit&quot;:&quot;px&quot;,&quot;size&quot;:&quot;&quot;,&quot;sizes&quot;:[]},&quot;row_gap_widescreen&quot;:{&quot;unit&quot;:&quot;px&quot;,&quot;size&quot;:&quot;&quot;,&quot;sizes&quot;:[]},&quot;row_gap_tablet&quot;:{&quot;unit&quot;:&quot;px&quot;,&quot;size&quot;:&quot;&quot;,&quot;sizes&quot;:[]},&quot;row_gap_mobile&quot;:{&quot;unit&quot;:&quot;px&quot;,&quot;size&quot;:&quot;&quot;,&quot;sizes&quot;:[]}}\" data-widget_type=\"loop-grid.post\">\n\t\t\t\t<div class=\"elementor-widget-container\">\n\t\t\t\t\t\t\t<div class=\"e-loop-nothing-found-message\">\n\t\t<\/div>\n\t\t\t\t\t\t<\/div>\n\t\t\t\t<\/div>\n\t\t\t\t<\/div>\n\t\t\t\t<\/div>\n\t\t","protected":false},"excerpt":{"rendered":"<p>VENTE DE V\u00e9los Vous cherchez un v\u00e9lo unique, abordable et engag\u00e9 ?Ne manquez pas notre prochaine vente de v\u00e9los reconditionn\u00e9s ! Offrez une seconde vie \u00e0 un v\u00e9lo inutilis\u00e9 et soutenez un projet local et solidaire. Rebuilt in Brussels &#8211; Reloved by you. Prochaine vente v\u00e9lo Usage Course Tout terrain Ville Tout Taille 1m60&gt;1m70 1m70&gt;1m80 [&hellip;]<\/p>\n","protected":false},"author":5,"featured_media":0,"parent":0,"menu_order":0,"comment_status":"closed","ping_status":"closed","template":"","meta":{"_acf_changed":false,"footnotes":""},"class_list":["post-2800","page","type-page","status-publish","hentry"],"acf":[],"yoast_head":"<!-- This site is optimized with the Yoast SEO plugin v27.3 - https:\/\/yoast.com\/product\/yoast-seo-wordpress\/ -->\n<title>Tous les v\u00e9los en vente - CyCLO | r\u00e9pare, forme, r\u00e9emploie et exp\u00e9rimente<\/title>\n<meta name=\"description\" content=\"Avec une \u00e9quipe de m\u00e9canicien\u00b7ne\u00b7s passionn\u00e9\u00b7e\u00b7s et 10 ateliers \u00e9quip\u00e9s pour rendre service \u00e0 tous les v\u00e9los et les cyclistes qui roulent \u00e0 Bruxelles.\" \/>\n<meta name=\"robots\" content=\"index, follow, max-snippet:-1, max-image-preview:large, max-video-preview:-1\" \/>\n<link rel=\"canonical\" href=\"https:\/\/cyclo.wp.steppers.be\/nl\/alle-beschikbare-fietsen\/\" \/>\n<meta property=\"og:locale\" content=\"nl_BE\" \/>\n<meta property=\"og:type\" content=\"article\" \/>\n<meta property=\"og:title\" content=\"Tous les v\u00e9los en vente - CyCLO | r\u00e9pare, forme, r\u00e9emploie et exp\u00e9rimente\" \/>\n<meta property=\"og:description\" content=\"Avec une \u00e9quipe de m\u00e9canicien\u00b7ne\u00b7s passionn\u00e9\u00b7e\u00b7s et 10 ateliers \u00e9quip\u00e9s pour rendre service \u00e0 tous les v\u00e9los et les cyclistes qui roulent \u00e0 Bruxelles.\" \/>\n<meta property=\"og:url\" content=\"https:\/\/cyclo.wp.steppers.be\/nl\/alle-beschikbare-fietsen\/\" \/>\n<meta property=\"og:site_name\" content=\"CyCLO | r\u00e9pare, forme, r\u00e9emploie et exp\u00e9rimente\" \/>\n<meta property=\"article:modified_time\" content=\"2025-11-27T13:36:51+00:00\" \/>\n<meta name=\"twitter:card\" content=\"summary_large_image\" \/>\n<meta name=\"twitter:label1\" content=\"Geschatte leestijd\" \/>\n\t<meta name=\"twitter:data1\" content=\"9 minuten\" \/>\n<script type=\"application\/ld+json\" class=\"yoast-schema-graph\">{\"@context\":\"https:\\\/\\\/schema.org\",\"@graph\":[{\"@type\":\"WebPage\",\"@id\":\"https:\\\/\\\/cyclo.wp.steppers.be\\\/tous-les-velos-en-vente\\\/\",\"url\":\"https:\\\/\\\/cyclo.wp.steppers.be\\\/tous-les-velos-en-vente\\\/\",\"name\":\"Tous les v\u00e9los en vente - CyCLO | r\u00e9pare, forme, r\u00e9emploie et exp\u00e9rimente\",\"isPartOf\":{\"@id\":\"https:\\\/\\\/cyclo.wp.steppers.be\\\/#website\"},\"datePublished\":\"2025-11-24T11:02:19+00:00\",\"dateModified\":\"2025-11-27T13:36:51+00:00\",\"description\":\"Avec une \u00e9quipe de m\u00e9canicien\u00b7ne\u00b7s passionn\u00e9\u00b7e\u00b7s et 10 ateliers \u00e9quip\u00e9s pour rendre service \u00e0 tous les v\u00e9los et les cyclistes qui roulent \u00e0 Bruxelles.\",\"breadcrumb\":{\"@id\":\"https:\\\/\\\/cyclo.wp.steppers.be\\\/tous-les-velos-en-vente\\\/#breadcrumb\"},\"inLanguage\":\"nl-BE\",\"potentialAction\":[{\"@type\":\"ReadAction\",\"target\":[\"https:\\\/\\\/cyclo.wp.steppers.be\\\/tous-les-velos-en-vente\\\/\"]}]},{\"@type\":\"BreadcrumbList\",\"@id\":\"https:\\\/\\\/cyclo.wp.steppers.be\\\/tous-les-velos-en-vente\\\/#breadcrumb\",\"itemListElement\":[{\"@type\":\"ListItem\",\"position\":1,\"name\":\"Home\",\"item\":\"https:\\\/\\\/cyclo.wp.steppers.be\\\/\"},{\"@type\":\"ListItem\",\"position\":2,\"name\":\"Tous les v\u00e9los en vente\"}]},{\"@type\":\"WebSite\",\"@id\":\"https:\\\/\\\/cyclo.wp.steppers.be\\\/#website\",\"url\":\"https:\\\/\\\/cyclo.wp.steppers.be\\\/\",\"name\":\"CyCLO | r\u00e9pare, forme, r\u00e9emploie et exp\u00e9rimente\",\"description\":\"r\u00e9pare, forme, r\u00e9emploie et exp\u00e9rimente\",\"publisher\":{\"@id\":\"https:\\\/\\\/cyclo.wp.steppers.be\\\/#organization\"},\"potentialAction\":[{\"@type\":\"SearchAction\",\"target\":{\"@type\":\"EntryPoint\",\"urlTemplate\":\"https:\\\/\\\/cyclo.wp.steppers.be\\\/?s={search_term_string}\"},\"query-input\":{\"@type\":\"PropertyValueSpecification\",\"valueRequired\":true,\"valueName\":\"search_term_string\"}}],\"inLanguage\":\"nl-BE\"},{\"@type\":\"Organization\",\"@id\":\"https:\\\/\\\/cyclo.wp.steppers.be\\\/#organization\",\"name\":\"CyCLO\",\"url\":\"https:\\\/\\\/cyclo.wp.steppers.be\\\/\",\"logo\":{\"@type\":\"ImageObject\",\"inLanguage\":\"nl-BE\",\"@id\":\"https:\\\/\\\/cyclo.wp.steppers.be\\\/#\\\/schema\\\/logo\\\/image\\\/\",\"url\":\"https:\\\/\\\/cyclo.wp.steppers.be\\\/wp-content\\\/uploads\\\/2025\\\/09\\\/logo-cyclo.webp\",\"contentUrl\":\"https:\\\/\\\/cyclo.wp.steppers.be\\\/wp-content\\\/uploads\\\/2025\\\/09\\\/logo-cyclo.webp\",\"width\":161,\"height\":48,\"caption\":\"CyCLO\"},\"image\":{\"@id\":\"https:\\\/\\\/cyclo.wp.steppers.be\\\/#\\\/schema\\\/logo\\\/image\\\/\"}}]}<\/script>\n<!-- \/ Yoast SEO plugin. -->","yoast_head_json":{"title":"Tous les v\u00e9los en vente - CyCLO | r\u00e9pare, forme, r\u00e9emploie et exp\u00e9rimente","description":"Met een team van gepassioneerde fietsmekaniekers en 10 ateliers staat CyCLO ten dienste van alle Brusselse fietsers.","robots":{"index":"index","follow":"follow","max-snippet":"max-snippet:-1","max-image-preview":"max-image-preview:large","max-video-preview":"max-video-preview:-1"},"canonical":"https:\/\/cyclo.wp.steppers.be\/nl\/alle-beschikbare-fietsen\/","og_locale":"nl_BE","og_type":"article","og_title":"Tous les v\u00e9los en vente - CyCLO | r\u00e9pare, forme, r\u00e9emploie et exp\u00e9rimente","og_description":"Avec une \u00e9quipe de m\u00e9canicien\u00b7ne\u00b7s passionn\u00e9\u00b7e\u00b7s et 10 ateliers \u00e9quip\u00e9s pour rendre service \u00e0 tous les v\u00e9los et les cyclistes qui roulent \u00e0 Bruxelles.","og_url":"https:\/\/cyclo.wp.steppers.be\/nl\/alle-beschikbare-fietsen\/","og_site_name":"CyCLO | r\u00e9pare, forme, r\u00e9emploie et exp\u00e9rimente","article_modified_time":"2025-11-27T13:36:51+00:00","twitter_card":"summary_large_image","twitter_misc":{"Geschatte leestijd":"9 minuten"},"schema":{"@context":"https:\/\/schema.org","@graph":[{"@type":"WebPage","@id":"https:\/\/cyclo.wp.steppers.be\/tous-les-velos-en-vente\/","url":"https:\/\/cyclo.wp.steppers.be\/tous-les-velos-en-vente\/","name":"Tous les v\u00e9los en vente - CyCLO | r\u00e9pare, forme, r\u00e9emploie et exp\u00e9rimente","isPartOf":{"@id":"https:\/\/cyclo.wp.steppers.be\/#website"},"datePublished":"2025-11-24T11:02:19+00:00","dateModified":"2025-11-27T13:36:51+00:00","description":"Met een team van gepassioneerde fietsmekaniekers en 10 ateliers staat CyCLO ten dienste van alle Brusselse fietsers.","breadcrumb":{"@id":"https:\/\/cyclo.wp.steppers.be\/tous-les-velos-en-vente\/#breadcrumb"},"inLanguage":"nl-BE","potentialAction":[{"@type":"ReadAction","target":["https:\/\/cyclo.wp.steppers.be\/tous-les-velos-en-vente\/"]}]},{"@type":"BreadcrumbList","@id":"https:\/\/cyclo.wp.steppers.be\/tous-les-velos-en-vente\/#breadcrumb","itemListElement":[{"@type":"ListItem","position":1,"name":"Home","item":"https:\/\/cyclo.wp.steppers.be\/"},{"@type":"ListItem","position":2,"name":"Tous les v\u00e9los en vente"}]},{"@type":"WebSite","@id":"https:\/\/cyclo.wp.steppers.be\/#website","url":"https:\/\/cyclo.wp.steppers.be\/","name":"CyCLO | r\u00e9pare, forme, r\u00e9emploie et exp\u00e9rimente","description":"r\u00e9pare, forme, r\u00e9emploie et exp\u00e9rimente","publisher":{"@id":"https:\/\/cyclo.wp.steppers.be\/#organization"},"potentialAction":[{"@type":"SearchAction","target":{"@type":"EntryPoint","urlTemplate":"https:\/\/cyclo.wp.steppers.be\/?s={search_term_string}"},"query-input":{"@type":"PropertyValueSpecification","valueRequired":true,"valueName":"search_term_string"}}],"inLanguage":"nl-BE"},{"@type":"Organization","@id":"https:\/\/cyclo.wp.steppers.be\/#organization","name":"CyCLO","url":"https:\/\/cyclo.wp.steppers.be\/","logo":{"@type":"ImageObject","inLanguage":"nl-BE","@id":"https:\/\/cyclo.wp.steppers.be\/#\/schema\/logo\/image\/","url":"https:\/\/cyclo.wp.steppers.be\/wp-content\/uploads\/2025\/09\/logo-cyclo.webp","contentUrl":"https:\/\/cyclo.wp.steppers.be\/wp-content\/uploads\/2025\/09\/logo-cyclo.webp","width":161,"height":48,"caption":"CyCLO"},"image":{"@id":"https:\/\/cyclo.wp.steppers.be\/#\/schema\/logo\/image\/"}}]}},"_links":{"self":[{"href":"https:\/\/cyclo.wp.steppers.be\/nl\/wp-json\/wp\/v2\/pages\/2800","targetHints":{"allow":["GET"]}}],"collection":[{"href":"https:\/\/cyclo.wp.steppers.be\/nl\/wp-json\/wp\/v2\/pages"}],"about":[{"href":"https:\/\/cyclo.wp.steppers.be\/nl\/wp-json\/wp\/v2\/types\/page"}],"author":[{"embeddable":true,"href":"https:\/\/cyclo.wp.steppers.be\/nl\/wp-json\/wp\/v2\/users\/5"}],"replies":[{"embeddable":true,"href":"https:\/\/cyclo.wp.steppers.be\/nl\/wp-json\/wp\/v2\/comments?post=2800"}],"version-history":[{"count":58,"href":"https:\/\/cyclo.wp.steppers.be\/nl\/wp-json\/wp\/v2\/pages\/2800\/revisions"}],"predecessor-version":[{"id":3058,"href":"https:\/\/cyclo.wp.steppers.be\/nl\/wp-json\/wp\/v2\/pages\/2800\/revisions\/3058"}],"wp:attachment":[{"href":"https:\/\/cyclo.wp.steppers.be\/nl\/wp-json\/wp\/v2\/media?parent=2800"}],"curies":[{"name":"wp","href":"https:\/\/api.w.org\/{rel}","templated":true}]}}