{"id":3080,"date":"2025-12-01T10:53:49","date_gmt":"2025-12-01T09:53:49","guid":{"rendered":"https:\/\/cyclo.wp.steppers.be\/?page_id=3080"},"modified":"2026-01-06T14:15:35","modified_gmt":"2026-01-06T13:15:35","slug":"mentions-legales","status":"publish","type":"page","link":"https:\/\/cyclo.wp.steppers.be\/nl\/mentions-legales\/","title":{"rendered":"Wettelijke vermeldingen"},"content":{"rendered":"<div data-elementor-type=\"wp-page\" data-elementor-id=\"3080\" class=\"elementor elementor-3080\" data-elementor-post-type=\"page\">\n\t\t\t\t<div class=\"elementor-element elementor-element-f877351 e-flex e-con-boxed e-con e-parent\" data-id=\"f877351\" data-element_type=\"container\" data-e-type=\"container\">\n\t\t\t\t\t<div class=\"e-con-inner\">\n\t\t\t\t<div class=\"elementor-element elementor-element-50d317c elementor-widget elementor-widget-heading\" data-id=\"50d317c\" data-element_type=\"widget\" data-e-type=\"widget\" data-widget_type=\"heading.default\">\n\t\t\t\t\t<h1 class=\"elementor-heading-title elementor-size-default\">MENTIONS L\u00c9GALES<\/h1>\t\t\t\t<\/div>\n\t\t\t\t<div class=\"elementor-element elementor-element-0a40f2a elementor-widget elementor-widget-text-editor\" data-id=\"0a40f2a\" data-element_type=\"widget\" data-e-type=\"widget\" data-widget_type=\"text-editor.default\">\n\t\t\t\t\t\t\t\t\t<h2>Propri\u00e9taire du site :<\/h2><p>Nom de l&rsquo;entreprise \/ raison sociale : CyCLO asbl<\/p><p>Statut juridique : asbl<\/p><p>Si\u00e8ge social : rue de Flandre 85, 1000 Bruxelles<\/p><p>BCE\/TVA : BE0862.000.792<\/p><p>Adresse e-mail : cyclo@cyclo.org<\/p><p>Num\u00e9ro de t\u00e9l\u00e9phone : 02 512 68 90<\/p><p>Directeur\u00b7trice de la publication : Marie Verkaeren<\/p><h2>H\u00e9bergeur du site :<\/h2><p><strong>Nom de l\u2019h\u00e9bergeur :<\/strong> Infomaniak.<\/p><p><strong>Adresse : <\/strong>Infomaniak Network SA<br \/>Rue Eug\u00e8ne Marziano 25<br \/>1227 Les Acacias (GE)<\/p><p><strong>Contact : <\/strong>https:\/\/www.infomaniak.com\/fr\/aide.<\/p><p><strong>Site web :<\/strong>\u00a0<a href=\"https:\/\/www.infomaniak.com\" target=\"_blank\" rel=\"noopener noreferrer nofollow\">https:\/\/www.infomaniak.com\/<\/a><\/p><p><img decoding=\"async\" src=\"https:\/\/app.greenweb.org\/api\/v3\/greencheckimage\/cyclo.org?nocache=true\" alt=\"This website runs on green hosting - verified by thegreenwebfoundation.org\" width=\"200px\" height=\"95px\" \/><\/p><p>Web design et d\u00e9veloppement\u00a0: <a href=\"http:\/\/www.steppers.be\" target=\"_blank\" rel=\"noopener noreferrer nofollow\">www.steppers.be<\/a><\/p><h2>Propri\u00e9t\u00e9 intellectuelle<\/h2><p>Le contenu du site cyclo.org, incluant mais sans s\u2019y limiter les textes, images, illustrations, logos, vid\u00e9os, outils et ressources t\u00e9l\u00e9chargeables, est prot\u00e9g\u00e9 par le droit d\u2019auteur. Il est la propri\u00e9t\u00e9 exclusive de CyCLO ou de ses partenaires, ou diffus\u00e9 avec l\u2019autorisation de leurs auteur\u00b7rices. Toute reproduction, modification, adaptation, publication ou redistribution, m\u00eame partielle, est interdite sans l\u2019accord \u00e9crit pr\u00e9alable de CyCLO ou des auteur\u00b7rices concern\u00e9\u00b7es. Merci de respecter le travail de cr\u00e9ation en citant les sources lorsque cela est permis.<\/p><h2>Responsabilit\u00e9 :<\/h2><p>CyCLO s\u2019efforce d\u2019assurer au mieux l&rsquo;exactitude et la mise \u00e0 jour des informations diffus\u00e9es sur le site. Cependant, elle ne peut garantir l&rsquo;exactitude, la compl\u00e9tude et la mise \u00e0 jour des informations mises \u00e0 disposition sur le site. CyCLO d\u00e9cline toute responsabilit\u00e9 quant \u00e0 l\u2019utilisation qui pourrait \u00eatre faite du contenu du site.<\/p><h2>Cookies :<\/h2><p>Le site cyclo.org utilise des cookies pour am\u00e9liorer la navigation et analyser le trafic. Un bandeau de consentement s\u2019affiche lors de la premi\u00e8re visite de l\u2019utilisateur pour obtenir son consentement. Vous pouvez configurer les param\u00e8tres de cookies \u00e0 tout moment.<\/p><h2>Lien vers d&rsquo;autres sites internet :<\/h2><p>Le site peut inclure des liens vers d\u2019autres sites, notamment des partenaires et sources d\u2019informations. CyCLO ne pourra \u00eatre tenue responsable des contenus des sites tiers auxquels l\u2019utilisateur pourrait acc\u00e9der via les liens.<\/p>\t\t\t\t\t\t\t\t<\/div>\n\t\t\t\t\t<\/div>\n\t\t\t\t<\/div>\n\t\t\t\t<\/div>","protected":false},"excerpt":{"rendered":"<p>MENTIONS L\u00c9GALES Propri\u00e9taire du site : Nom de l&rsquo;entreprise \/ raison sociale : CyCLO asbl Statut juridique : asbl Si\u00e8ge social : rue de Flandre 85, 1000 Bruxelles BCE\/TVA : BE0862.000.792 Adresse e-mail : cyclo@cyclo.org Num\u00e9ro de t\u00e9l\u00e9phone : 02 512 68 90 Directeur\u00b7trice de la publication : Marie Verkaeren H\u00e9bergeur du site : Nom [&hellip;]<\/p>\n","protected":false},"author":5,"featured_media":0,"parent":0,"menu_order":0,"comment_status":"closed","ping_status":"closed","template":"","meta":{"_acf_changed":false,"footnotes":""},"class_list":["post-3080","page","type-page","status-publish","hentry"],"acf":[],"yoast_head":"<!-- This site is optimized with the Yoast SEO plugin v27.3 - https:\/\/yoast.com\/product\/yoast-seo-wordpress\/ -->\n<title>Mentions l\u00e9gales - CyCLO | r\u00e9pare, forme, r\u00e9emploie et exp\u00e9rimente<\/title>\n<meta name=\"description\" content=\"Avec une \u00e9quipe de m\u00e9canicien\u00b7ne\u00b7s passionn\u00e9\u00b7e\u00b7s et 10 ateliers \u00e9quip\u00e9s pour rendre service \u00e0 tous les v\u00e9los et les cyclistes qui roulent \u00e0 Bruxelles.\" \/>\n<meta name=\"robots\" content=\"index, follow, max-snippet:-1, max-image-preview:large, max-video-preview:-1\" \/>\n<link rel=\"canonical\" href=\"https:\/\/cyclo.wp.steppers.be\/nl\/mentions-legales\/\" \/>\n<meta property=\"og:locale\" content=\"nl_BE\" \/>\n<meta property=\"og:type\" content=\"article\" \/>\n<meta property=\"og:title\" content=\"Mentions l\u00e9gales - CyCLO | r\u00e9pare, forme, r\u00e9emploie et exp\u00e9rimente\" \/>\n<meta property=\"og:description\" content=\"Avec une \u00e9quipe de m\u00e9canicien\u00b7ne\u00b7s passionn\u00e9\u00b7e\u00b7s et 10 ateliers \u00e9quip\u00e9s pour rendre service \u00e0 tous les v\u00e9los et les cyclistes qui roulent \u00e0 Bruxelles.\" \/>\n<meta property=\"og:url\" content=\"https:\/\/cyclo.wp.steppers.be\/nl\/mentions-legales\/\" \/>\n<meta property=\"og:site_name\" content=\"CyCLO | r\u00e9pare, forme, r\u00e9emploie et exp\u00e9rimente\" \/>\n<meta property=\"article:modified_time\" content=\"2026-01-06T13:15:35+00:00\" \/>\n<meta property=\"og:image\" content=\"https:\/\/app.greenweb.org\/api\/v3\/greencheckimage\/cyclo.org?nocache=true\" \/>\n<meta name=\"twitter:card\" content=\"summary_large_image\" \/>\n<meta name=\"twitter:label1\" content=\"Geschatte leestijd\" \/>\n\t<meta name=\"twitter:data1\" content=\"2 minuten\" \/>\n<script type=\"application\/ld+json\" class=\"yoast-schema-graph\">{\"@context\":\"https:\\\/\\\/schema.org\",\"@graph\":[{\"@type\":\"WebPage\",\"@id\":\"https:\\\/\\\/cyclo.wp.steppers.be\\\/mentions-legales\\\/\",\"url\":\"https:\\\/\\\/cyclo.wp.steppers.be\\\/mentions-legales\\\/\",\"name\":\"Mentions l\u00e9gales - CyCLO | r\u00e9pare, forme, r\u00e9emploie et exp\u00e9rimente\",\"isPartOf\":{\"@id\":\"https:\\\/\\\/cyclo.wp.steppers.be\\\/#website\"},\"primaryImageOfPage\":{\"@id\":\"https:\\\/\\\/cyclo.wp.steppers.be\\\/mentions-legales\\\/#primaryimage\"},\"image\":{\"@id\":\"https:\\\/\\\/cyclo.wp.steppers.be\\\/mentions-legales\\\/#primaryimage\"},\"thumbnailUrl\":\"https:\\\/\\\/app.greenweb.org\\\/api\\\/v3\\\/greencheckimage\\\/cyclo.org?nocache=true\",\"datePublished\":\"2025-12-01T09:53:49+00:00\",\"dateModified\":\"2026-01-06T13:15:35+00:00\",\"description\":\"Avec une \u00e9quipe de m\u00e9canicien\u00b7ne\u00b7s passionn\u00e9\u00b7e\u00b7s et 10 ateliers \u00e9quip\u00e9s pour rendre service \u00e0 tous les v\u00e9los et les cyclistes qui roulent \u00e0 Bruxelles.\",\"breadcrumb\":{\"@id\":\"https:\\\/\\\/cyclo.wp.steppers.be\\\/mentions-legales\\\/#breadcrumb\"},\"inLanguage\":\"nl-BE\",\"potentialAction\":[{\"@type\":\"ReadAction\",\"target\":[\"https:\\\/\\\/cyclo.wp.steppers.be\\\/mentions-legales\\\/\"]}]},{\"@type\":\"ImageObject\",\"inLanguage\":\"nl-BE\",\"@id\":\"https:\\\/\\\/cyclo.wp.steppers.be\\\/mentions-legales\\\/#primaryimage\",\"url\":\"https:\\\/\\\/app.greenweb.org\\\/api\\\/v3\\\/greencheckimage\\\/cyclo.org?nocache=true\",\"contentUrl\":\"https:\\\/\\\/app.greenweb.org\\\/api\\\/v3\\\/greencheckimage\\\/cyclo.org?nocache=true\"},{\"@type\":\"BreadcrumbList\",\"@id\":\"https:\\\/\\\/cyclo.wp.steppers.be\\\/mentions-legales\\\/#breadcrumb\",\"itemListElement\":[{\"@type\":\"ListItem\",\"position\":1,\"name\":\"Home\",\"item\":\"https:\\\/\\\/cyclo.wp.steppers.be\\\/\"},{\"@type\":\"ListItem\",\"position\":2,\"name\":\"Mentions l\u00e9gales\"}]},{\"@type\":\"WebSite\",\"@id\":\"https:\\\/\\\/cyclo.wp.steppers.be\\\/#website\",\"url\":\"https:\\\/\\\/cyclo.wp.steppers.be\\\/\",\"name\":\"CyCLO | r\u00e9pare, forme, r\u00e9emploie et exp\u00e9rimente\",\"description\":\"r\u00e9pare, forme, r\u00e9emploie et exp\u00e9rimente\",\"publisher\":{\"@id\":\"https:\\\/\\\/cyclo.wp.steppers.be\\\/#organization\"},\"potentialAction\":[{\"@type\":\"SearchAction\",\"target\":{\"@type\":\"EntryPoint\",\"urlTemplate\":\"https:\\\/\\\/cyclo.wp.steppers.be\\\/?s={search_term_string}\"},\"query-input\":{\"@type\":\"PropertyValueSpecification\",\"valueRequired\":true,\"valueName\":\"search_term_string\"}}],\"inLanguage\":\"nl-BE\"},{\"@type\":\"Organization\",\"@id\":\"https:\\\/\\\/cyclo.wp.steppers.be\\\/#organization\",\"name\":\"CyCLO\",\"url\":\"https:\\\/\\\/cyclo.wp.steppers.be\\\/\",\"logo\":{\"@type\":\"ImageObject\",\"inLanguage\":\"nl-BE\",\"@id\":\"https:\\\/\\\/cyclo.wp.steppers.be\\\/#\\\/schema\\\/logo\\\/image\\\/\",\"url\":\"https:\\\/\\\/cyclo.wp.steppers.be\\\/wp-content\\\/uploads\\\/2025\\\/09\\\/logo-cyclo.webp\",\"contentUrl\":\"https:\\\/\\\/cyclo.wp.steppers.be\\\/wp-content\\\/uploads\\\/2025\\\/09\\\/logo-cyclo.webp\",\"width\":161,\"height\":48,\"caption\":\"CyCLO\"},\"image\":{\"@id\":\"https:\\\/\\\/cyclo.wp.steppers.be\\\/#\\\/schema\\\/logo\\\/image\\\/\"}}]}<\/script>\n<!-- \/ Yoast SEO plugin. -->","yoast_head_json":{"title":"Mentions l\u00e9gales - CyCLO | r\u00e9pare, forme, r\u00e9emploie et exp\u00e9rimente","description":"Met een team van gepassioneerde fietsmekaniekers en 10 ateliers staat CyCLO ten dienste van alle Brusselse fietsers.","robots":{"index":"index","follow":"follow","max-snippet":"max-snippet:-1","max-image-preview":"max-image-preview:large","max-video-preview":"max-video-preview:-1"},"canonical":"https:\/\/cyclo.wp.steppers.be\/nl\/mentions-legales\/","og_locale":"nl_BE","og_type":"article","og_title":"Mentions l\u00e9gales - CyCLO | r\u00e9pare, forme, r\u00e9emploie et exp\u00e9rimente","og_description":"Avec une \u00e9quipe de m\u00e9canicien\u00b7ne\u00b7s passionn\u00e9\u00b7e\u00b7s et 10 ateliers \u00e9quip\u00e9s pour rendre service \u00e0 tous les v\u00e9los et les cyclistes qui roulent \u00e0 Bruxelles.","og_url":"https:\/\/cyclo.wp.steppers.be\/nl\/mentions-legales\/","og_site_name":"CyCLO | r\u00e9pare, forme, r\u00e9emploie et exp\u00e9rimente","article_modified_time":"2026-01-06T13:15:35+00:00","og_image":[{"url":"https:\/\/app.greenweb.org\/api\/v3\/greencheckimage\/cyclo.org?nocache=true","type":"","width":"","height":""}],"twitter_card":"summary_large_image","twitter_misc":{"Geschatte leestijd":"2 minuten"},"schema":{"@context":"https:\/\/schema.org","@graph":[{"@type":"WebPage","@id":"https:\/\/cyclo.wp.steppers.be\/mentions-legales\/","url":"https:\/\/cyclo.wp.steppers.be\/mentions-legales\/","name":"Mentions l\u00e9gales - CyCLO | r\u00e9pare, forme, r\u00e9emploie et exp\u00e9rimente","isPartOf":{"@id":"https:\/\/cyclo.wp.steppers.be\/#website"},"primaryImageOfPage":{"@id":"https:\/\/cyclo.wp.steppers.be\/mentions-legales\/#primaryimage"},"image":{"@id":"https:\/\/cyclo.wp.steppers.be\/mentions-legales\/#primaryimage"},"thumbnailUrl":"https:\/\/app.greenweb.org\/api\/v3\/greencheckimage\/cyclo.org?nocache=true","datePublished":"2025-12-01T09:53:49+00:00","dateModified":"2026-01-06T13:15:35+00:00","description":"Met een team van gepassioneerde fietsmekaniekers en 10 ateliers staat CyCLO ten dienste van alle Brusselse fietsers.","breadcrumb":{"@id":"https:\/\/cyclo.wp.steppers.be\/mentions-legales\/#breadcrumb"},"inLanguage":"nl-BE","potentialAction":[{"@type":"ReadAction","target":["https:\/\/cyclo.wp.steppers.be\/mentions-legales\/"]}]},{"@type":"ImageObject","inLanguage":"nl-BE","@id":"https:\/\/cyclo.wp.steppers.be\/mentions-legales\/#primaryimage","url":"https:\/\/app.greenweb.org\/api\/v3\/greencheckimage\/cyclo.org?nocache=true","contentUrl":"https:\/\/app.greenweb.org\/api\/v3\/greencheckimage\/cyclo.org?nocache=true"},{"@type":"BreadcrumbList","@id":"https:\/\/cyclo.wp.steppers.be\/mentions-legales\/#breadcrumb","itemListElement":[{"@type":"ListItem","position":1,"name":"Home","item":"https:\/\/cyclo.wp.steppers.be\/"},{"@type":"ListItem","position":2,"name":"Mentions l\u00e9gales"}]},{"@type":"WebSite","@id":"https:\/\/cyclo.wp.steppers.be\/#website","url":"https:\/\/cyclo.wp.steppers.be\/","name":"CyCLO | r\u00e9pare, forme, r\u00e9emploie et exp\u00e9rimente","description":"r\u00e9pare, forme, r\u00e9emploie et exp\u00e9rimente","publisher":{"@id":"https:\/\/cyclo.wp.steppers.be\/#organization"},"potentialAction":[{"@type":"SearchAction","target":{"@type":"EntryPoint","urlTemplate":"https:\/\/cyclo.wp.steppers.be\/?s={search_term_string}"},"query-input":{"@type":"PropertyValueSpecification","valueRequired":true,"valueName":"search_term_string"}}],"inLanguage":"nl-BE"},{"@type":"Organization","@id":"https:\/\/cyclo.wp.steppers.be\/#organization","name":"CyCLO","url":"https:\/\/cyclo.wp.steppers.be\/","logo":{"@type":"ImageObject","inLanguage":"nl-BE","@id":"https:\/\/cyclo.wp.steppers.be\/#\/schema\/logo\/image\/","url":"https:\/\/cyclo.wp.steppers.be\/wp-content\/uploads\/2025\/09\/logo-cyclo.webp","contentUrl":"https:\/\/cyclo.wp.steppers.be\/wp-content\/uploads\/2025\/09\/logo-cyclo.webp","width":161,"height":48,"caption":"CyCLO"},"image":{"@id":"https:\/\/cyclo.wp.steppers.be\/#\/schema\/logo\/image\/"}}]}},"_links":{"self":[{"href":"https:\/\/cyclo.wp.steppers.be\/nl\/wp-json\/wp\/v2\/pages\/3080","targetHints":{"allow":["GET"]}}],"collection":[{"href":"https:\/\/cyclo.wp.steppers.be\/nl\/wp-json\/wp\/v2\/pages"}],"about":[{"href":"https:\/\/cyclo.wp.steppers.be\/nl\/wp-json\/wp\/v2\/types\/page"}],"author":[{"embeddable":true,"href":"https:\/\/cyclo.wp.steppers.be\/nl\/wp-json\/wp\/v2\/users\/5"}],"replies":[{"embeddable":true,"href":"https:\/\/cyclo.wp.steppers.be\/nl\/wp-json\/wp\/v2\/comments?post=3080"}],"version-history":[{"count":25,"href":"https:\/\/cyclo.wp.steppers.be\/nl\/wp-json\/wp\/v2\/pages\/3080\/revisions"}],"predecessor-version":[{"id":3723,"href":"https:\/\/cyclo.wp.steppers.be\/nl\/wp-json\/wp\/v2\/pages\/3080\/revisions\/3723"}],"wp:attachment":[{"href":"https:\/\/cyclo.wp.steppers.be\/nl\/wp-json\/wp\/v2\/media?parent=3080"}],"curies":[{"name":"wp","href":"https:\/\/api.w.org\/{rel}","templated":true}]}}